{"id":10135,"date":"2024-01-31T11:48:53","date_gmt":"2024-01-31T10:48:53","guid":{"rendered":"https:\/\/klun.si\/?page_id=10135"},"modified":"2024-04-03T11:23:15","modified_gmt":"2024-04-03T09:23:15","slug":"priporocilo","status":"publish","type":"page","link":"https:\/\/klun.si\/eng\/priporocilo\/","title":{"rendered":"Priporo\u010dilo"},"content":{"rendered":"<div data-elementor-type=\"wp-page\" data-elementor-id=\"10135\" class=\"elementor elementor-10135\">\n\t\t\t\t\t\t<section class=\"elementor-section elementor-top-section elementor-element elementor-element-6226d182 elementor-hidden-desktop elementor-section-boxed elementor-section-height-default elementor-section-height-default\" data-id=\"6226d182\" data-element_type=\"section\" data-e-type=\"section\">\n\t\t\t\t\t\t<div class=\"elementor-container elementor-column-gap-default\">\n\t\t\t\t\t<div class=\"elementor-column elementor-col-100 elementor-top-column elementor-element elementor-element-c20cb0f\" data-id=\"c20cb0f\" data-element_type=\"column\" data-e-type=\"column\">\n\t\t\t<div class=\"elementor-widget-wrap\">\n\t\t\t\t\t\t\t<\/div>\n\t\t<\/div>\n\t\t\t\t\t<\/div>\n\t\t<\/section>\n\t\t\t\t<section class=\"elementor-section elementor-top-section elementor-element elementor-element-3e691e5 elementor-section-full_width elementor-section-height-default elementor-section-height-default\" data-id=\"3e691e5\" data-element_type=\"section\" data-e-type=\"section\">\n\t\t\t\t\t\t<div class=\"elementor-container elementor-column-gap-default\">\n\t\t\t\t\t<div class=\"make-column-clickable-elementor elementor-column elementor-col-100 elementor-top-column elementor-element elementor-element-e2cbb2c\" style=\"cursor: pointer;\" data-column-clickable=\"https:\/\/klun.si\/konfigurator\/\" data-column-clickable-blank=\"_blank\" data-id=\"e2cbb2c\" data-element_type=\"column\" data-e-type=\"column\" data-settings=\"{&quot;background_background&quot;:&quot;classic&quot;}\">\n\t\t\t<div class=\"elementor-widget-wrap elementor-element-populated\">\n\t\t\t\t\t<div class=\"elementor-background-overlay\"><\/div>\n\t\t\t\t\t\t<div class=\"elementor-element elementor-element-c919242 elementor-widget elementor-widget-image\" data-id=\"c919242\" data-element_type=\"widget\" data-e-type=\"widget\" data-widget_type=\"image.default\">\n\t\t\t\t<div class=\"elementor-widget-container\">\n\t\t\t\t\t\t\t\t\t\t\t\t\t\t\t\t<a href=\"https:\/\/klun.si\/eng\/konfigurator\/\" target=\"_blank\">\n\t\t\t\t\t\t\t<img fetchpriority=\"high\" decoding=\"async\" width=\"2160\" height=\"972\" src=\"https:\/\/klun.si\/wp-content\/uploads\/2024\/03\/priporocilo-papillon-xiaomi-5x2-3.jpg\" class=\"attachment-full size-full wp-image-10556\" alt=\"\" srcset=\"https:\/\/klun.si\/wp-content\/uploads\/2024\/03\/priporocilo-papillon-xiaomi-5x2-3.jpg 2160w, https:\/\/klun.si\/wp-content\/uploads\/2024\/03\/priporocilo-papillon-xiaomi-5x2-3-300x135.jpg 300w, https:\/\/klun.si\/wp-content\/uploads\/2024\/03\/priporocilo-papillon-xiaomi-5x2-3-1024x461.jpg 1024w, https:\/\/klun.si\/wp-content\/uploads\/2024\/03\/priporocilo-papillon-xiaomi-5x2-3-768x346.jpg 768w, https:\/\/klun.si\/wp-content\/uploads\/2024\/03\/priporocilo-papillon-xiaomi-5x2-3-1536x691.jpg 1536w, https:\/\/klun.si\/wp-content\/uploads\/2024\/03\/priporocilo-papillon-xiaomi-5x2-3-2048x922.jpg 2048w, https:\/\/klun.si\/wp-content\/uploads\/2024\/03\/priporocilo-papillon-xiaomi-5x2-3-18x8.jpg 18w\" sizes=\"(max-width: 2160px) 100vw, 2160px\" \/>\t\t\t\t\t\t\t\t<\/a>\n\t\t\t\t\t\t\t\t\t\t\t\t\t\t\t<\/div>\n\t\t\t\t<\/div>\n\t\t\t\t\t<\/div>\n\t\t<\/div>\n\t\t\t\t\t<\/div>\n\t\t<\/section>\n\t\t\t\t<section class=\"elementor-section elementor-top-section elementor-element elementor-element-50ade8a elementor-section-boxed elementor-section-height-default elementor-section-height-default\" data-id=\"50ade8a\" data-element_type=\"section\" data-e-type=\"section\">\n\t\t\t\t\t\t<div class=\"elementor-container elementor-column-gap-default\">\n\t\t\t\t\t<div class=\"elementor-column elementor-col-100 elementor-top-column elementor-element elementor-element-7428ac4\" data-id=\"7428ac4\" data-element_type=\"column\" data-e-type=\"column\">\n\t\t\t<div class=\"elementor-widget-wrap elementor-element-populated\">\n\t\t\t\t\t\t<div class=\"elementor-element elementor-element-c60c511 elementor-widget__width-initial elementor-widget elementor-widget-text-editor\" data-id=\"c60c511\" data-element_type=\"widget\" data-e-type=\"widget\" data-widget_type=\"text-editor.default\">\n\t\t\t\t<div class=\"elementor-widget-container\">\n\t\t\t\t\t\t\t\t\t<p style=\"margin: 0cm 0cm 15pt; background-image: initial; background-position: initial; background-size: initial; background-repeat: initial; background-attachment: initial; background-origin: initial; background-clip: initial;\"><span style=\"font-family: 'Segoe UI',sans-serif; color: #0d0d0d;\">Prepri\u010dani smo, da u\u017eivajte v luksuzu va\u0161e KLUN sede\u017ene garniture!<\/span><\/p>\t\t\t\t\t\t\t\t<\/div>\n\t\t\t\t<\/div>\n\t\t\t\t<div class=\"elementor-element elementor-element-6a44e36 elementor-widget__width-initial elementor-widget elementor-widget-text-editor\" data-id=\"6a44e36\" data-element_type=\"widget\" data-e-type=\"widget\" data-widget_type=\"text-editor.default\">\n\t\t\t\t<div class=\"elementor-widget-container\">\n\t\t\t\t\t\t\t\t\t<p style=\"margin: 15pt 0cm; background-image: initial; background-position: initial; background-size: initial; background-repeat: initial; background-attachment: initial; background-origin: initial; background-clip: initial;\"><span style=\"font-family: 'Segoe UI', sans-serif; color: #ff2525;\"><b>In to ni vse!\u00a0<\/b><\/span><\/p>\t\t\t\t\t\t\t\t<\/div>\n\t\t\t\t<\/div>\n\t\t\t\t<div class=\"elementor-element elementor-element-4863c1e elementor-widget__width-initial elementor-widget elementor-widget-text-editor\" data-id=\"4863c1e\" data-element_type=\"widget\" data-e-type=\"widget\" data-widget_type=\"text-editor.default\">\n\t\t\t\t<div class=\"elementor-widget-container\">\n\t\t\t\t\t\t\t\t\t<p style=\"background-image: initial; background-position: initial; background-size: initial; background-repeat: initial; background-attachment: initial; background-origin: initial; background-clip: initial;\"><b><span style=\"font-family: 'Segoe UI',sans-serif; color: #0d0d0d;\">Ker cenimo va\u0161o predanost, smo pripravili posebno presene\u010denje za vas &#8211; vsaki\u010d, ko\u00a0<\/span><\/b><span style=\"font-weight: bold; font-size: 18px; font-style: normal;\"><span style=\"font-size: 18px; font-family: 'Segoe UI', sans-serif; color: #0d0d0d;\">boste delili<\/span><\/span><b><span style=\"font-family: 'Segoe UI',sans-serif; color: #0d0d0d;\">\u00a0svoje navdu\u0161enje nad va\u0161o KLUN sede\u017eno garnituro, boste prejeli ekskluzivno DARILO.\u00a0<\/span><\/b><\/p><p style=\"background-image: initial; background-position: initial; background-size: initial; background-repeat: initial; background-attachment: initial; background-origin: initial; background-clip: initial;\"><b><span style=\"font-family: 'Segoe UI',sans-serif; color: #0d0d0d;\">Preprosto vnesite e-po\u0161tni naslov va\u0161ega prijatelja, ki bo tako lahko dele\u017een visoke kvalitete bivanja in KLUN udobja. <br \/><\/span><\/b><b><span style=\"font-family: 'Segoe UI',sans-serif; color: #0d0d0d;\">Prijatelj bo obve\u0161\u010den o najnovej\u0161ih trendih izdelkov KLUN ambienti, vklju\u010dno z najnovej\u0161imi ponudbami in konfiguratorju.<\/span><\/b><\/p>\t\t\t\t\t\t\t\t<\/div>\n\t\t\t\t<\/div>\n\t\t\t\t<div class=\"elementor-element elementor-element-407b2f0 elementor-widget__width-initial elementor-widget-tablet__width-inherit elementor-widget elementor-widget-heading\" data-id=\"407b2f0\" data-element_type=\"widget\" data-e-type=\"widget\" data-widget_type=\"heading.default\">\n\t\t\t\t<div class=\"elementor-widget-container\">\n\t\t\t\t\t<h2 class=\"elementor-heading-title elementor-size-default\"><a href=\"https:\/\/konfigurator.klun.si\/papillon\">Delite svoje KLUN izku\u0161nje z Va\u0161imi prijatelji<\/a><\/h2>\t\t\t\t<\/div>\n\t\t\t\t<\/div>\n\t\t\t\t<div class=\"elementor-element elementor-element-7a1bb6e elementor-widget__width-initial elementor-widget-tablet__width-inherit elementor-widget elementor-widget-heading\" data-id=\"7a1bb6e\" data-element_type=\"widget\" data-e-type=\"widget\" data-widget_type=\"heading.default\">\n\t\t\t\t<div class=\"elementor-widget-container\">\n\t\t\t\t\t<h2 class=\"elementor-heading-title elementor-size-default\"><a href=\"https:\/\/konfigurator.klun.si\/papillon\">in osvojite ekskluzivno DARILO<\/a><\/h2>\t\t\t\t<\/div>\n\t\t\t\t<\/div>\n\t\t\t\t<div class=\"elementor-element elementor-element-f19b5cb elementor-widget__width-initial elementor-widget-tablet__width-inherit elementor-widget elementor-widget-heading\" data-id=\"f19b5cb\" data-element_type=\"widget\" data-e-type=\"widget\" data-widget_type=\"heading.default\">\n\t\t\t\t<div class=\"elementor-widget-container\">\n\t\t\t\t\t<h2 class=\"elementor-heading-title elementor-size-default\"><a href=\"https:\/\/konfigurator.klun.si\/papillon\">Vrhunski sesalnik Xiaomi G10 Plus*<\/a><\/h2>\t\t\t\t<\/div>\n\t\t\t\t<\/div>\n\t\t\t\t<div class=\"elementor-element elementor-element-233153f elementor-widget__width-initial elementor-widget elementor-widget-shortcode\" data-id=\"233153f\" data-element_type=\"widget\" data-e-type=\"widget\" data-widget_type=\"shortcode.default\">\n\t\t\t\t<div class=\"elementor-widget-container\">\n\t\t\t\t\t\t\t<div class=\"elementor-shortcode\">\n<div class=\"wpcf7 no-js\" id=\"wpcf7-f10666-o1\" lang=\"sl-SI\" dir=\"ltr\" data-wpcf7-id=\"10666\">\n<div class=\"screen-reader-response\"><p role=\"status\" aria-live=\"polite\" aria-atomic=\"true\"><\/p> <ul><\/ul><\/div>\n<form action=\"\/eng\/wp-json\/wp\/v2\/pages\/10135#wpcf7-f10666-o1\" method=\"post\" class=\"wpcf7-form init\" aria-label=\"Kontaktni obrazec\" novalidate=\"novalidate\" data-status=\"init\" data-trp-original-action=\"\/eng\/wp-json\/wp\/v2\/pages\/10135#wpcf7-f10666-o1\">\n<fieldset class=\"hidden-fields-container\"><input type=\"hidden\" name=\"_wpcf7\" value=\"10666\" \/><input type=\"hidden\" name=\"_wpcf7_version\" value=\"6.1.5\" \/><input type=\"hidden\" name=\"_wpcf7_locale\" value=\"sl_SI\" \/><input type=\"hidden\" name=\"_wpcf7_unit_tag\" value=\"wpcf7-f10666-o1\" \/><input type=\"hidden\" name=\"_wpcf7_container_post\" value=\"0\" \/><input type=\"hidden\" name=\"_wpcf7_posted_data_hash\" value=\"\" \/>\n<\/fieldset>\n<p><label> Va\u0161e ime in priimek <span class=\"required\"> **<\/span><br \/>\n<span class=\"wpcf7-form-control-wrap\" data-name=\"your-name\"><input size=\"40\" maxlength=\"400\" class=\"wpcf7-form-control wpcf7-text wpcf7-validates-as-required\" aria-required=\"true\" aria-invalid=\"false\" value=\"\" type=\"text\" name=\"your-name\" \/><\/span> <\/label>\n<\/p>\n<p><label> Va\u0161a e-po\u0161ta<span class=\"required\"> **<\/span><br \/>\n<span class=\"wpcf7-form-control-wrap\" data-name=\"your-email\"><input size=\"40\" maxlength=\"400\" class=\"wpcf7-form-control wpcf7-email wpcf7-validates-as-required wpcf7-text wpcf7-validates-as-email\" autocomplete=\"email\" aria-required=\"true\" aria-invalid=\"false\" value=\"\" type=\"email\" name=\"your-email\" \/><\/span> <\/label>\n<\/p>\n<p><label> Va\u0161a telefonska \u0161tevilka<br \/>\n<span class=\"wpcf7-form-control-wrap\" data-name=\"your-phone\"><input size=\"40\" maxlength=\"400\" class=\"wpcf7-form-control wpcf7-tel wpcf7-text wpcf7-validates-as-tel\" autocomplete=\"tel\" aria-invalid=\"false\" value=\"\" type=\"tel\" name=\"your-phone\" \/><\/span> <\/label>\n<\/p>\n<p><label> Ime in priimek va\u0161ega prijatelja<span class=\"required\"> **<\/span><br \/>\n<span class=\"wpcf7-form-control-wrap\" data-name=\"friends-name\"><input size=\"40\" maxlength=\"400\" class=\"wpcf7-form-control wpcf7-text wpcf7-validates-as-required\" aria-required=\"true\" aria-invalid=\"false\" value=\"\" type=\"text\" name=\"friends-name\" \/><\/span> <\/label>\n<\/p>\n<p><label> E-po\u0161tni naslov va\u0161ega prijatelja<span class=\"required\"> **<\/span><br \/>\n<span class=\"wpcf7-form-control-wrap\" data-name=\"friends-email\"><input size=\"40\" maxlength=\"400\" class=\"wpcf7-form-control wpcf7-email wpcf7-validates-as-required wpcf7-text wpcf7-validates-as-email\" autocomplete=\"email\" aria-required=\"true\" aria-invalid=\"false\" value=\"\" type=\"email\" name=\"friends-email\" \/><\/span> <\/label>\n<\/p>\n<p><label> Telefonska \u0161tevilka va\u0161ega prijatelja<br \/>\n<span class=\"wpcf7-form-control-wrap\" data-name=\"friends-phone\"><input size=\"40\" maxlength=\"400\" class=\"wpcf7-form-control wpcf7-tel wpcf7-text wpcf7-validates-as-tel\" autocomplete=\"tel\" aria-invalid=\"false\" value=\"\" type=\"tel\" name=\"friends-phone\" \/><\/span> <\/label>\n<\/p>\n<p><span class=\"wpcf7-form-control-wrap\" data-name=\"gdpr-approval\"><span class=\"wpcf7-form-control wpcf7-checkbox wpcf7-validates-as-required\"><span class=\"wpcf7-list-item first last\"><label><input type=\"checkbox\" name=\"gdpr-approval[]\" value=\"Strinjam se s politiko zasebnosti. **\" \/><span class=\"wpcf7-list-item-label\">Strinjam se s politiko zasebnosti. **<\/span><\/label><\/span><\/span><\/span>\n<\/p>\n<p><input class=\"wpcf7-form-control wpcf7-submit has-spinner\" type=\"submit\" value=\"Po\u0161lji\" \/>\n<\/p><div class=\"wpcf7-response-output\" aria-hidden=\"true\"><\/div>\n<input type=\"hidden\" name=\"trp-form-language\" value=\"eng\"\/><\/form>\n<\/div>\n<\/div>\n\t\t\t\t\t\t<\/div>\n\t\t\t\t<\/div>\n\t\t\t\t<div class=\"elementor-element elementor-element-810a755 elementor-widget__width-initial elementor-widget elementor-widget-text-editor\" data-id=\"810a755\" data-element_type=\"widget\" data-e-type=\"widget\" data-widget_type=\"text-editor.default\">\n\t\t\t\t<div class=\"elementor-widget-container\">\n\t\t\t\t\t\t\t\t\t<p style=\"margin: 15pt 0cm; background-image: initial; background-position: initial; background-size: initial; background-repeat: initial; background-attachment: initial; background-origin: initial; background-clip: initial;\"><span style=\"font-family: 'Segoe UI',sans-serif; color: #0d0d0d;\">Ne zamudite prilo\u017enosti za deljenje udobja in kakovosti KLUN sede\u017ene garniture s svojimi najbli\u017ejimi. <br \/>Vsako priporo\u010dilo je korak bli\u017eje k ve\u010djim nagradam!<\/span><\/p>\t\t\t\t\t\t\t\t<\/div>\n\t\t\t\t<\/div>\n\t\t\t\t<div class=\"elementor-element elementor-element-f379a0b elementor-widget__width-initial elementor-widget elementor-widget-text-editor\" data-id=\"f379a0b\" data-element_type=\"widget\" data-e-type=\"widget\" data-widget_type=\"text-editor.default\">\n\t\t\t\t<div class=\"elementor-widget-container\">\n\t\t\t\t\t\t\t\t\t<p>*&nbsp;<span style=\"font-size: 16px;\">DARILO sesalec se pridobi z naro\u010dili preko 4.000 EUR.&nbsp;<\/span><span style=\"font-size: 14px;\">Rok naro\u010dila se zaklju\u010di 1. maja. 2024<\/span><\/p>\t\t\t\t\t\t\t\t<\/div>\n\t\t\t\t<\/div>\n\t\t\t\t\t<\/div>\n\t\t<\/div>\n\t\t\t\t\t<\/div>\n\t\t<\/section>\n\t\t\t\t<\/div>","protected":false},"excerpt":{"rendered":"<p>Prepri\u010dani smo, da u\u017eivajte v luksuzu va\u0161e KLUN sede\u017ene garniture! In to ni vse!\u00a0 Ker cenimo va\u0161o predanost, smo pripravili posebno presene\u010denje za vas &#8211; vsaki\u010d, ko\u00a0boste delili\u00a0svoje navdu\u0161enje nad va\u0161o KLUN sede\u017eno garnituro, boste prejeli ekskluzivno DARILO.\u00a0 Preprosto vnesite e-po\u0161tni naslov va\u0161ega prijatelja, ki bo tako lahko dele\u017een visoke kvalitete bivanja in KLUN udobja. [&hellip;]<\/p>\n","protected":false},"author":9,"featured_media":0,"parent":0,"menu_order":0,"comment_status":"closed","ping_status":"closed","template":"elementor_header_footer","meta":{"_monsterinsights_skip_tracking":false,"_monsterinsights_sitenote_active":false,"_monsterinsights_sitenote_note":"","_monsterinsights_sitenote_category":0,"site-sidebar-layout":"no-sidebar","site-content-layout":"page-builder","ast-site-content-layout":"default","site-content-style":"default","site-sidebar-style":"default","ast-global-header-display":"","ast-banner-title-visibility":"","ast-main-header-display":"","ast-hfb-above-header-display":"","ast-hfb-below-header-display":"","ast-hfb-mobile-header-display":"","site-post-title":"disabled","ast-breadcrumbs-content":"","ast-featured-img":"disabled","footer-sml-layout":"","ast-disable-related-posts":"","theme-transparent-header-meta":"default","adv-header-id-meta":"","stick-header-meta":"","header-above-stick-meta":"","header-main-stick-meta":"","header-below-stick-meta":"","astra-migrate-meta-layouts":"default","ast-page-background-enabled":"default","ast-page-background-meta":{"desktop":{"background-color":"","background-image":"","background-repeat":"repeat","background-position":"center center","background-size":"auto","background-attachment":"scroll","background-type":"","background-media":"","overlay-type":"","overlay-color":"","overlay-opacity":"","overlay-gradient":""},"tablet":{"background-color":"","background-image":"","background-repeat":"repeat","background-position":"center center","background-size":"auto","background-attachment":"scroll","background-type":"","background-media":"","overlay-type":"","overlay-color":"","overlay-opacity":"","overlay-gradient":""},"mobile":{"background-color":"","background-image":"","background-repeat":"repeat","background-position":"center center","background-size":"auto","background-attachment":"scroll","background-type":"","background-media":"","overlay-type":"","overlay-color":"","overlay-opacity":"","overlay-gradient":""}},"ast-content-background-meta":{"desktop":{"background-color":"var(--ast-global-color-5)","background-image":"","background-repeat":"repeat","background-position":"center center","background-size":"auto","background-attachment":"scroll","background-type":"","background-media":"","overlay-type":"","overlay-color":"","overlay-opacity":"","overlay-gradient":""},"tablet":{"background-color":"var(--ast-global-color-5)","background-image":"","background-repeat":"repeat","background-position":"center center","background-size":"auto","background-attachment":"scroll","background-type":"","background-media":"","overlay-type":"","overlay-color":"","overlay-opacity":"","overlay-gradient":""},"mobile":{"background-color":"var(--ast-global-color-5)","background-image":"","background-repeat":"repeat","background-position":"center center","background-size":"auto","background-attachment":"scroll","background-type":"","background-media":"","overlay-type":"","overlay-color":"","overlay-opacity":"","overlay-gradient":""}},"footnotes":""},"class_list":["post-10135","page","type-page","status-publish","hentry"],"_links":{"self":[{"href":"https:\/\/klun.si\/eng\/wp-json\/wp\/v2\/pages\/10135","targetHints":{"allow":["GET"]}}],"collection":[{"href":"https:\/\/klun.si\/eng\/wp-json\/wp\/v2\/pages"}],"about":[{"href":"https:\/\/klun.si\/eng\/wp-json\/wp\/v2\/types\/page"}],"author":[{"embeddable":true,"href":"https:\/\/klun.si\/eng\/wp-json\/wp\/v2\/users\/9"}],"replies":[{"embeddable":true,"href":"https:\/\/klun.si\/eng\/wp-json\/wp\/v2\/comments?post=10135"}],"version-history":[{"count":88,"href":"https:\/\/klun.si\/eng\/wp-json\/wp\/v2\/pages\/10135\/revisions"}],"predecessor-version":[{"id":10746,"href":"https:\/\/klun.si\/eng\/wp-json\/wp\/v2\/pages\/10135\/revisions\/10746"}],"wp:attachment":[{"href":"https:\/\/klun.si\/eng\/wp-json\/wp\/v2\/media?parent=10135"}],"curies":[{"name":"wp","href":"https:\/\/api.w.org\/{rel}","templated":true}]}}